{"id":10,"date":"2016-02-29T09:00:56","date_gmt":"2016-02-29T08:00:56","guid":{"rendered":"http:\/\/www.helene-maria-schorn.at\/wordpress\/?page_id=10"},"modified":"2023-08-27T11:33:15","modified_gmt":"2023-08-27T09:33:15","slug":"helene-maria-schorn","status":"publish","type":"page","link":"http:\/\/www.helene-maria-schorn.at\/index.php\/helene-maria-schorn\/","title":{"rendered":"Helene Maria Schorn"},"content":{"rendered":"<h2>Helene Maria Schorn<\/h2>\n<p>Lebt und arbeitet in Salzburg<\/p>\n<p>Bevorzugte Techniken: \u00d6lpinsel und \u00d6lspachteltechnik, Aquarell, Pastell- und Mischtechnik<\/p>\n<p>Intensive Besch\u00e4ftigung mit der Malerei und Zeichnung, Kunstakademien mit namhaften Dozenten f\u00fcr bildnerische Gestaltung, Malerei und Grafik (A. Lehmden, Vanneste Labaere, M. Braun, L. Kunit, W. Strobl, J. Zenzmaier, H. Baier, S. Karrer, H. Nitsch)<\/p>\n<h2>Ausstellungen und Ausstellungsbeteiligungen (Auswahl):<\/h2>\n<ul>\n<li>Schloss Ritzen &#8211; Saalfelden<\/li>\n<li>Constanz &#8211; Bodensee<\/li>\n<li>Altstadtgalerie Weihergut &#8211; Salzburg<\/li>\n<li>Schloss Mirabell &#8211; Salzburg<\/li>\n<li>Schloss Klessheim &#8211; Salzburg<\/li>\n<li>Galerie Mendl &#8211; M\u00fcnchen,<\/li>\n<li>Schloss Mattsee &#8211; Salzburg<\/li>\n<li>Haus der Kunst &#8211; M\u00fcnchen<\/li>\n<li>Akademieausstellung &#8211; Salzburg,<\/li>\n<li>Akademieausstellung &#8211; Villach<\/li>\n<li>Galerie der Stadt Salzburg<\/li>\n<li><a href=\"http:\/\/www.helene-maria-schorn.at\/index.php\/2010\/03\/24\/naked-2\/\">naked: 2<\/a> \u2013 bv Berchtoldvilla und Maishofener Kreis AKTuell Lohninghof, Zell am See<\/li>\n<li>Kunstmesse Wien &#8211; WIKAM<\/li>\n<li>Kunstmesse &#8211; Innsbruck<\/li>\n<li>Kunstmesse &#8211; Salzburg<\/li>\n<li>K\u00fcnstlerhaus Wien &#8211; WIKAM<\/li>\n<li>Kunstmesse &#8211; Salzburg Residenz<\/li>\n<li>Salzburg Museum &#8211; Die Hohen Tauern<\/li>\n<li>Leopold Museum Wien &#8211; ART Austria<\/li>\n<li><a href=\"http:\/\/www.helene-maria-schorn.at\/index.php\/2016\/02\/29\/ausstellung-kunstraum-atelier\/\">BV &#8211; Salzburg &#8211; Kunstraum :: Atelier<\/a><\/li>\n<li>Er\u00f6ffnung des Maishofner Sommer 2018 &#8211; von Helene Maria Schorn<\/li>\n<li><a href=\"https:\/\/www.artbv-salzburg.com\/festspielausstellung2023\/\">Festspielausstellung Berchtoldvilla 2023<\/a><\/li>\n<\/ul>\n<p>Mitglied der Berufsvereinigung der bildenden K\u00fcnstler \u00d6sterreichs, Landesverband Salzburg<\/p>\n<p><img fetchpriority=\"high\" decoding=\"async\" class=\"alignnone wp-image-11 size-full\" src=\"http:\/\/www.helene-maria-schorn.at\/wp-content\/uploads\/2016\/02\/IMG_6106__web.jpg\" alt=\"\" width=\"900\" height=\"600\" srcset=\"http:\/\/www.helene-maria-schorn.at\/wp-content\/uploads\/2016\/02\/IMG_6106__web.jpg 900w, http:\/\/www.helene-maria-schorn.at\/wp-content\/uploads\/2016\/02\/IMG_6106__web-300x200.jpg 300w, http:\/\/www.helene-maria-schorn.at\/wp-content\/uploads\/2016\/02\/IMG_6106__web-768x512.jpg 768w, http:\/\/www.helene-maria-schorn.at\/wp-content\/uploads\/2016\/02\/IMG_6106__web-830x553.jpg 830w, http:\/\/www.helene-maria-schorn.at\/wp-content\/uploads\/2016\/02\/IMG_6106__web-230x153.jpg 230w, http:\/\/www.helene-maria-schorn.at\/wp-content\/uploads\/2016\/02\/IMG_6106__web-350x233.jpg 350w\" sizes=\"(max-width: 900px) 100vw, 900px\" \/><\/p>\n<p><span style=\"color: #999999;\"><em><span style=\"color: #333333;\">Bild: Marlies Schild und Benny Raich im Atelier Helene Schorn\u00a0 bei der Bildauswahl \u201cGro\u00dfglockner mit Glocknerleitl und Glocknerwand\u201d<\/span><br \/>\n<span style=\"color: #333333;\"> (Helene Maria Schorn rechts im Bild)<\/span><br \/>\n<\/em><\/span><\/p>\n<p><img decoding=\"async\" class=\"alignnone size-full wp-image-120\" src=\"http:\/\/www.helene-maria-schorn.at\/wp-content\/uploads\/2016\/02\/Helene-malt-am-Mooserboden-im-Nationalpark-Hohe-Tauern.jpg\" alt=\"Helene malt am Mooserboden im Nationalpark Hohe Tauern\" width=\"900\" height=\"642\" srcset=\"http:\/\/www.helene-maria-schorn.at\/wp-content\/uploads\/2016\/02\/Helene-malt-am-Mooserboden-im-Nationalpark-Hohe-Tauern.jpg 900w, http:\/\/www.helene-maria-schorn.at\/wp-content\/uploads\/2016\/02\/Helene-malt-am-Mooserboden-im-Nationalpark-Hohe-Tauern-300x214.jpg 300w, http:\/\/www.helene-maria-schorn.at\/wp-content\/uploads\/2016\/02\/Helene-malt-am-Mooserboden-im-Nationalpark-Hohe-Tauern-768x548.jpg 768w, http:\/\/www.helene-maria-schorn.at\/wp-content\/uploads\/2016\/02\/Helene-malt-am-Mooserboden-im-Nationalpark-Hohe-Tauern-830x592.jpg 830w, http:\/\/www.helene-maria-schorn.at\/wp-content\/uploads\/2016\/02\/Helene-malt-am-Mooserboden-im-Nationalpark-Hohe-Tauern-230x164.jpg 230w, http:\/\/www.helene-maria-schorn.at\/wp-content\/uploads\/2016\/02\/Helene-malt-am-Mooserboden-im-Nationalpark-Hohe-Tauern-350x250.jpg 350w\" sizes=\"(max-width: 900px) 100vw, 900px\" \/><\/p>\n<p><span style=\"color: #333333;\"><em>Helene malt am Mooserboden im Nationalpark Hohe Tauern<\/em><\/span><\/p>\n<p><img decoding=\"async\" class=\"alignleft wp-image-391\" src=\"http:\/\/www.helene-maria-schorn.at\/wp-content\/uploads\/2018\/09\/SN2018.jpg\" alt=\"\" width=\"904\" height=\"1278\" srcset=\"http:\/\/www.helene-maria-schorn.at\/wp-content\/uploads\/2018\/09\/SN2018.jpg 1132w, http:\/\/www.helene-maria-schorn.at\/wp-content\/uploads\/2018\/09\/SN2018-212x300.jpg 212w, http:\/\/www.helene-maria-schorn.at\/wp-content\/uploads\/2018\/09\/SN2018-768x1086.jpg 768w, http:\/\/www.helene-maria-schorn.at\/wp-content\/uploads\/2018\/09\/SN2018-724x1024.jpg 724w, http:\/\/www.helene-maria-schorn.at\/wp-content\/uploads\/2018\/09\/SN2018-830x1173.jpg 830w, http:\/\/www.helene-maria-schorn.at\/wp-content\/uploads\/2018\/09\/SN2018-230x325.jpg 230w, http:\/\/www.helene-maria-schorn.at\/wp-content\/uploads\/2018\/09\/SN2018-350x495.jpg 350w, http:\/\/www.helene-maria-schorn.at\/wp-content\/uploads\/2018\/09\/SN2018-480x678.jpg 480w\" sizes=\"(max-width: 904px) 100vw, 904px\" \/><\/p>\n","protected":false},"excerpt":{"rendered":"<p>Helene Maria Schorn Lebt und arbeitet in Salzburg Bevorzugte Techniken: \u00d6lpinsel und \u00d6lspachteltechnik, Aquarell, Pastell- und Mischtechnik Intensive Besch\u00e4ftigung mit der Malerei [&hellip;]<\/p>\n","protected":false},"author":1,"featured_media":11,"parent":0,"menu_order":0,"comment_status":"closed","ping_status":"closed","template":"page-templates\/page_fullwidth.php","meta":{"footnotes":""},"class_list":["post-10","page","type-page","status-publish","has-post-thumbnail","hentry"],"_links":{"self":[{"href":"http:\/\/www.helene-maria-schorn.at\/index.php\/wp-json\/wp\/v2\/pages\/10","targetHints":{"allow":["GET"]}}],"collection":[{"href":"http:\/\/www.helene-maria-schorn.at\/index.php\/wp-json\/wp\/v2\/pages"}],"about":[{"href":"http:\/\/www.helene-maria-schorn.at\/index.php\/wp-json\/wp\/v2\/types\/page"}],"author":[{"embeddable":true,"href":"http:\/\/www.helene-maria-schorn.at\/index.php\/wp-json\/wp\/v2\/users\/1"}],"replies":[{"embeddable":true,"href":"http:\/\/www.helene-maria-schorn.at\/index.php\/wp-json\/wp\/v2\/comments?post=10"}],"version-history":[{"count":17,"href":"http:\/\/www.helene-maria-schorn.at\/index.php\/wp-json\/wp\/v2\/pages\/10\/revisions"}],"predecessor-version":[{"id":701,"href":"http:\/\/www.helene-maria-schorn.at\/index.php\/wp-json\/wp\/v2\/pages\/10\/revisions\/701"}],"wp:featuredmedia":[{"embeddable":true,"href":"http:\/\/www.helene-maria-schorn.at\/index.php\/wp-json\/wp\/v2\/media\/11"}],"wp:attachment":[{"href":"http:\/\/www.helene-maria-schorn.at\/index.php\/wp-json\/wp\/v2\/media?parent=10"}],"curies":[{"name":"wp","href":"https:\/\/api.w.org\/{rel}","templated":true}]}}